{"id":2191,"date":"2022-08-11T08:03:22","date_gmt":"2022-08-11T06:03:22","guid":{"rendered":"https:\/\/blackout-karriere.wordpress-hosting.coupling-media.com\/mentions-legales\/"},"modified":"2023-03-29T10:41:35","modified_gmt":"2023-03-29T08:41:35","slug":"mentions-legales","status":"publish","type":"page","link":"https:\/\/karriere.blackout.ch\/fr\/mentions-legales\/","title":{"rendered":"Impressum"},"content":{"rendered":"\t\t<div data-elementor-type=\"wp-page\" data-elementor-id=\"2191\" class=\"elementor elementor-2191 elementor-223\" data-elementor-post-type=\"page\">\n\t\t\t\t<div class=\"elementor-element elementor-element-a5a0376 e-flex e-con-boxed e-con e-parent\" data-id=\"a5a0376\" data-element_type=\"container\" data-e-type=\"container\">\n\t\t\t\t\t<div class=\"e-con-inner\">\n\t\t\t\t<div class=\"elementor-element elementor-element-62bc575 elementor-widget elementor-widget-heading\" data-id=\"62bc575\" data-element_type=\"widget\" data-e-type=\"widget\" data-widget_type=\"heading.default\">\n\t\t\t\t<div class=\"elementor-widget-container\">\n\t\t\t\t\t<h2 class=\"elementor-heading-title elementor-size-default\">Impressum<\/h2>\t\t\t\t<\/div>\n\t\t\t\t<\/div>\n\t\t\t\t<div class=\"elementor-element elementor-element-a2dba2e elementor-widget elementor-widget-text-editor\" data-id=\"a2dba2e\" data-element_type=\"widget\" data-e-type=\"widget\" data-widget_type=\"text-editor.default\">\n\t\t\t\t<div class=\"elementor-widget-container\">\n\t\t\t\t\t\t\t\t\t<div class=\"col-xs-12 col-sm-12\"><div id=\"c1411\" class=\"csc-default\"><div id=\"c1411\" class=\"csc-default\"><span lang=\"DE-CH\"><strong>Jeans Fritz Schweiz AG<\/strong><br \/>Schillerstrasse 2<br \/>Postfach 41<\/span><\/div><div class=\"csc-default\"><span lang=\"DE-CH\">CH-4127 Birsfelden<\/span><\/div><div>\u00a0<\/div><div class=\"csc-default\"><p class=\"bodytext\">Tel. + 41 61 373 02 46<\/p><\/div><br \/><p class=\"bodytext\"><a class=\"mail\">info(at)blackout.ch<\/a><br \/><span lang=\"FR-CH\"><a class=\"external-link-new-window\" title=\"Opens external link in new window\" href=\"http:\/\/www.opcon-ag.ch\" target=\"_blank\" rel=\"noopener\"><span lang=\"DE\">www.blackout.ch<\/span><\/a><\/span><\/p><p class=\"bodytext\">Directeur G\u00e9n\u00e9ral: Willy Kissling\u00a0<br \/>Membre du Directoire: Jasmin M\u00fcller<\/p><p class=\"bodytext\"><span lang=\"DE-CH\">Registre du commerce : Canton de B\u00e2le-Campagne<br \/>N\u00b0 de TVA :<\/span>284\/592\/317<\/p><p class=\"bodytext\"><span lang=\"DE-CH\">Clause de non-responsabilit\u00e9: Malgr\u00e9<br \/>un contr\u00f4le minutieux du contenu, nous d\u00e9clinons toute<br \/>responsabilit\u00e9 quant au contenu des liens externes. Les exploitants des pages li\u00e9es<br \/>sont seuls responsables de leur contenu.<\/span><\/p><p class=\"bodytext\">\u00a0<\/p><p class=\"bodytext\"><span lang=\"DE-CH\">\u00a9 2022 Jeans Fritz Schweiz<br \/>AG. Tous les droits sont r\u00e9serv\u00e9s. Les r\u00e9impressions, y compris par extraits, l&rsquo;inclusion dans des services en ligne<br \/>et sur Internet ainsi que la duplication sur des supports de donn\u00e9es tels que<br \/>CD-ROM, DVD-ROM, etc., qu&rsquo;apr\u00e8s notre accord \u00e9crit pr\u00e9alable.<br \/>autorisation.<\/span><\/p><\/div><\/div>\t\t\t\t\t\t\t\t<\/div>\n\t\t\t\t<\/div>\n\t\t\t\t\t<\/div>\n\t\t\t\t<\/div>\n\t\t<div class=\"elementor-element elementor-element-aaa9f33 e-flex e-con-boxed e-con e-parent\" data-id=\"aaa9f33\" data-element_type=\"container\" data-e-type=\"container\">\n\t\t\t\t\t<div class=\"e-con-inner\">\n\t\t\t\t<div class=\"elementor-element elementor-element-a31b0ab elementor-widget elementor-widget-spacer\" data-id=\"a31b0ab\" data-element_type=\"widget\" data-e-type=\"widget\" data-widget_type=\"spacer.default\">\n\t\t\t\t<div class=\"elementor-widget-container\">\n\t\t\t\t\t\t\t<div class=\"elementor-spacer\">\n\t\t\t<div class=\"elementor-spacer-inner\"><\/div>\n\t\t<\/div>\n\t\t\t\t\t\t<\/div>\n\t\t\t\t<\/div>\n\t\t\t\t\t<\/div>\n\t\t\t\t<\/div>\n\t\t\t\t<\/div>\n\t\t","protected":false},"excerpt":{"rendered":"<p>Impressum Jeans Fritz Schweiz AGSchillerstrasse 2Postfach 41CH-4127 Birsfelden\u00a0 Tel. + 41 61 373 02 46 info(at)blackout.chwww.blackout.ch Directeur G\u00e9n\u00e9ral: Willy Kissling\u00a0Membre du Directoire: Jasmin M\u00fcller Registre du commerce : Canton de B\u00e2le-CampagneN\u00b0 de TVA :284\/592\/317 Clause de non-responsabilit\u00e9: Malgr\u00e9un contr\u00f4le minutieux du contenu, nous d\u00e9clinons touteresponsabilit\u00e9 quant au contenu des liens externes. Les exploitants des pages [&hellip;]<\/p>\n","protected":false},"author":1,"featured_media":0,"parent":0,"menu_order":0,"comment_status":"closed","ping_status":"closed","template":"","meta":{"site-sidebar-layout":"no-sidebar","site-content-layout":"page-builder","ast-site-content-layout":"default","site-content-style":"default","site-sidebar-style":"default","ast-global-header-display":"","ast-banner-title-visibility":"","ast-main-header-display":"","ast-hfb-above-header-display":"","ast-hfb-below-header-display":"","ast-hfb-mobile-header-display":"","site-post-title":"disabled","ast-breadcrumbs-content":"","ast-featured-img":"disabled","footer-sml-layout":"","ast-disable-related-posts":"","theme-transparent-header-meta":"","adv-header-id-meta":"","stick-header-meta":"","header-above-stick-meta":"","header-main-stick-meta":"","header-below-stick-meta":"","astra-migrate-meta-layouts":"default","ast-page-background-enabled":"default","ast-page-background-meta":{"desktop":{"background-color":"var(--ast-global-color-4)","background-image":"","background-repeat":"repeat","background-position":"center center","background-size":"auto","background-attachment":"scroll","background-type":"","background-media":"","overlay-type":"","overlay-color":"","overlay-opacity":"","overlay-gradient":""},"tablet":{"background-color":"","background-image":"","background-repeat":"repeat","background-position":"center center","background-size":"auto","background-attachment":"scroll","background-type":"","background-media":"","overlay-type":"","overlay-color":"","overlay-opacity":"","overlay-gradient":""},"mobile":{"background-color":"","background-image":"","background-repeat":"repeat","background-position":"center center","background-size":"auto","background-attachment":"scroll","background-type":"","background-media":"","overlay-type":"","overlay-color":"","overlay-opacity":"","overlay-gradient":""}},"ast-content-background-meta":{"desktop":{"background-color":"var(--ast-global-color-5)","background-image":"","background-repeat":"repeat","background-position":"center center","background-size":"auto","background-attachment":"scroll","background-type":"","background-media":"","overlay-type":"","overlay-color":"","overlay-opacity":"","overlay-gradient":""},"tablet":{"background-color":"var(--ast-global-color-5)","background-image":"","background-repeat":"repeat","background-position":"center center","background-size":"auto","background-attachment":"scroll","background-type":"","background-media":"","overlay-type":"","overlay-color":"","overlay-opacity":"","overlay-gradient":""},"mobile":{"background-color":"var(--ast-global-color-5)","background-image":"","background-repeat":"repeat","background-position":"center center","background-size":"auto","background-attachment":"scroll","background-type":"","background-media":"","overlay-type":"","overlay-color":"","overlay-opacity":"","overlay-gradient":""}},"footnotes":""},"class_list":["post-2191","page","type-page","status-publish","hentry"],"yoast_head":"<!-- This site is optimized with the Yoast SEO plugin v27.3 - https:\/\/yoast.com\/product\/yoast-seo-wordpress\/ -->\n<title>Impressum -<\/title>\n<meta name=\"robots\" content=\"index, follow, max-snippet:-1, max-image-preview:large, max-video-preview:-1\" \/>\n<link rel=\"canonical\" href=\"https:\/\/karriere.blackout.ch\/fr\/mentions-legales\/\" \/>\n<meta property=\"og:locale\" content=\"fr_FR\" \/>\n<meta property=\"og:type\" content=\"article\" \/>\n<meta property=\"og:title\" content=\"Impressum -\" \/>\n<meta property=\"og:description\" content=\"Impressum Jeans Fritz Schweiz AGSchillerstrasse 2Postfach 41CH-4127 Birsfelden\u00a0 Tel. + 41 61 373 02 46 info(at)blackout.chwww.blackout.ch Directeur G\u00e9n\u00e9ral: Willy Kissling\u00a0Membre du Directoire: Jasmin M\u00fcller Registre du commerce : Canton de B\u00e2le-CampagneN\u00b0 de TVA :284\/592\/317 Clause de non-responsabilit\u00e9: Malgr\u00e9un contr\u00f4le minutieux du contenu, nous d\u00e9clinons touteresponsabilit\u00e9 quant au contenu des liens externes. Les exploitants des pages [&hellip;]\" \/>\n<meta property=\"og:url\" content=\"https:\/\/karriere.blackout.ch\/fr\/mentions-legales\/\" \/>\n<meta property=\"article:modified_time\" content=\"2023-03-29T08:41:35+00:00\" \/>\n<meta name=\"twitter:card\" content=\"summary_large_image\" \/>\n<meta name=\"twitter:label1\" content=\"Dur\u00e9e de lecture estim\u00e9e\" \/>\n\t<meta name=\"twitter:data1\" content=\"1 minute\" \/>\n<script type=\"application\/ld+json\" class=\"yoast-schema-graph\">{\"@context\":\"https:\\\/\\\/schema.org\",\"@graph\":[{\"@type\":\"WebPage\",\"@id\":\"https:\\\/\\\/karriere.blackout.ch\\\/fr\\\/mentions-legales\\\/\",\"url\":\"https:\\\/\\\/karriere.blackout.ch\\\/fr\\\/mentions-legales\\\/\",\"name\":\"Impressum -\",\"isPartOf\":{\"@id\":\"https:\\\/\\\/karriere.blackout.ch\\\/fr\\\/#website\"},\"datePublished\":\"2022-08-11T06:03:22+00:00\",\"dateModified\":\"2023-03-29T08:41:35+00:00\",\"breadcrumb\":{\"@id\":\"https:\\\/\\\/karriere.blackout.ch\\\/fr\\\/mentions-legales\\\/#breadcrumb\"},\"inLanguage\":\"fr-FR\",\"potentialAction\":[{\"@type\":\"ReadAction\",\"target\":[\"https:\\\/\\\/karriere.blackout.ch\\\/fr\\\/mentions-legales\\\/\"]}]},{\"@type\":\"BreadcrumbList\",\"@id\":\"https:\\\/\\\/karriere.blackout.ch\\\/fr\\\/mentions-legales\\\/#breadcrumb\",\"itemListElement\":[{\"@type\":\"ListItem\",\"position\":1,\"name\":\"Startseite\",\"item\":\"https:\\\/\\\/karriere.blackout.ch\\\/fr\\\/\"},{\"@type\":\"ListItem\",\"position\":2,\"name\":\"Impressum\"}]},{\"@type\":\"WebSite\",\"@id\":\"https:\\\/\\\/karriere.blackout.ch\\\/fr\\\/#website\",\"url\":\"https:\\\/\\\/karriere.blackout.ch\\\/fr\\\/\",\"name\":\"Blackout Karriereseite\",\"description\":\"\",\"publisher\":{\"@id\":\"https:\\\/\\\/karriere.blackout.ch\\\/fr\\\/#organization\"},\"potentialAction\":[{\"@type\":\"SearchAction\",\"target\":{\"@type\":\"EntryPoint\",\"urlTemplate\":\"https:\\\/\\\/karriere.blackout.ch\\\/fr\\\/?s={search_term_string}\"},\"query-input\":{\"@type\":\"PropertyValueSpecification\",\"valueRequired\":true,\"valueName\":\"search_term_string\"}}],\"inLanguage\":\"fr-FR\"},{\"@type\":\"Organization\",\"@id\":\"https:\\\/\\\/karriere.blackout.ch\\\/fr\\\/#organization\",\"name\":\"BLACKOUT\",\"url\":\"https:\\\/\\\/karriere.blackout.ch\\\/fr\\\/\",\"logo\":{\"@type\":\"ImageObject\",\"inLanguage\":\"fr-FR\",\"@id\":\"https:\\\/\\\/karriere.blackout.ch\\\/fr\\\/#\\\/schema\\\/logo\\\/image\\\/\",\"url\":\"https:\\\/\\\/karriere.blackout.ch\\\/wp-content\\\/uploads\\\/2022\\\/11\\\/cropped-blackout-logo-neu.png\",\"contentUrl\":\"https:\\\/\\\/karriere.blackout.ch\\\/wp-content\\\/uploads\\\/2022\\\/11\\\/cropped-blackout-logo-neu.png\",\"width\":423,\"height\":99,\"caption\":\"BLACKOUT\"},\"image\":{\"@id\":\"https:\\\/\\\/karriere.blackout.ch\\\/fr\\\/#\\\/schema\\\/logo\\\/image\\\/\"}}]}<\/script>\n<!-- \/ Yoast SEO plugin. -->","yoast_head_json":{"title":"Impressum -","robots":{"index":"index","follow":"follow","max-snippet":"max-snippet:-1","max-image-preview":"max-image-preview:large","max-video-preview":"max-video-preview:-1"},"canonical":"https:\/\/karriere.blackout.ch\/fr\/mentions-legales\/","og_locale":"fr_FR","og_type":"article","og_title":"Impressum -","og_description":"Impressum Jeans Fritz Schweiz AGSchillerstrasse 2Postfach 41CH-4127 Birsfelden\u00a0 Tel. + 41 61 373 02 46 info(at)blackout.chwww.blackout.ch Directeur G\u00e9n\u00e9ral: Willy Kissling\u00a0Membre du Directoire: Jasmin M\u00fcller Registre du commerce : Canton de B\u00e2le-CampagneN\u00b0 de TVA :284\/592\/317 Clause de non-responsabilit\u00e9: Malgr\u00e9un contr\u00f4le minutieux du contenu, nous d\u00e9clinons touteresponsabilit\u00e9 quant au contenu des liens externes. Les exploitants des pages [&hellip;]","og_url":"https:\/\/karriere.blackout.ch\/fr\/mentions-legales\/","article_modified_time":"2023-03-29T08:41:35+00:00","twitter_card":"summary_large_image","twitter_misc":{"Dur\u00e9e de lecture estim\u00e9e":"1 minute"},"schema":{"@context":"https:\/\/schema.org","@graph":[{"@type":"WebPage","@id":"https:\/\/karriere.blackout.ch\/fr\/mentions-legales\/","url":"https:\/\/karriere.blackout.ch\/fr\/mentions-legales\/","name":"Impressum -","isPartOf":{"@id":"https:\/\/karriere.blackout.ch\/fr\/#website"},"datePublished":"2022-08-11T06:03:22+00:00","dateModified":"2023-03-29T08:41:35+00:00","breadcrumb":{"@id":"https:\/\/karriere.blackout.ch\/fr\/mentions-legales\/#breadcrumb"},"inLanguage":"fr-FR","potentialAction":[{"@type":"ReadAction","target":["https:\/\/karriere.blackout.ch\/fr\/mentions-legales\/"]}]},{"@type":"BreadcrumbList","@id":"https:\/\/karriere.blackout.ch\/fr\/mentions-legales\/#breadcrumb","itemListElement":[{"@type":"ListItem","position":1,"name":"Startseite","item":"https:\/\/karriere.blackout.ch\/fr\/"},{"@type":"ListItem","position":2,"name":"Impressum"}]},{"@type":"WebSite","@id":"https:\/\/karriere.blackout.ch\/fr\/#website","url":"https:\/\/karriere.blackout.ch\/fr\/","name":"Blackout Karriereseite","description":"","publisher":{"@id":"https:\/\/karriere.blackout.ch\/fr\/#organization"},"potentialAction":[{"@type":"SearchAction","target":{"@type":"EntryPoint","urlTemplate":"https:\/\/karriere.blackout.ch\/fr\/?s={search_term_string}"},"query-input":{"@type":"PropertyValueSpecification","valueRequired":true,"valueName":"search_term_string"}}],"inLanguage":"fr-FR"},{"@type":"Organization","@id":"https:\/\/karriere.blackout.ch\/fr\/#organization","name":"BLACKOUT","url":"https:\/\/karriere.blackout.ch\/fr\/","logo":{"@type":"ImageObject","inLanguage":"fr-FR","@id":"https:\/\/karriere.blackout.ch\/fr\/#\/schema\/logo\/image\/","url":"https:\/\/karriere.blackout.ch\/wp-content\/uploads\/2022\/11\/cropped-blackout-logo-neu.png","contentUrl":"https:\/\/karriere.blackout.ch\/wp-content\/uploads\/2022\/11\/cropped-blackout-logo-neu.png","width":423,"height":99,"caption":"BLACKOUT"},"image":{"@id":"https:\/\/karriere.blackout.ch\/fr\/#\/schema\/logo\/image\/"}}]}},"_links":{"self":[{"href":"https:\/\/karriere.blackout.ch\/fr\/wp-json\/wp\/v2\/pages\/2191","targetHints":{"allow":["GET"]}}],"collection":[{"href":"https:\/\/karriere.blackout.ch\/fr\/wp-json\/wp\/v2\/pages"}],"about":[{"href":"https:\/\/karriere.blackout.ch\/fr\/wp-json\/wp\/v2\/types\/page"}],"author":[{"embeddable":true,"href":"https:\/\/karriere.blackout.ch\/fr\/wp-json\/wp\/v2\/users\/1"}],"replies":[{"embeddable":true,"href":"https:\/\/karriere.blackout.ch\/fr\/wp-json\/wp\/v2\/comments?post=2191"}],"version-history":[{"count":9,"href":"https:\/\/karriere.blackout.ch\/fr\/wp-json\/wp\/v2\/pages\/2191\/revisions"}],"predecessor-version":[{"id":3944,"href":"https:\/\/karriere.blackout.ch\/fr\/wp-json\/wp\/v2\/pages\/2191\/revisions\/3944"}],"wp:attachment":[{"href":"https:\/\/karriere.blackout.ch\/fr\/wp-json\/wp\/v2\/media?parent=2191"}],"curies":[{"name":"wp","href":"https:\/\/api.w.org\/{rel}","templated":true}]}}