{"id":3064,"date":"2023-02-09T16:49:04","date_gmt":"2023-02-09T15:49:04","guid":{"rendered":"https:\/\/karriere.blackout.ch\/localisateur-de-magasins-blackout\/"},"modified":"2025-01-20T14:34:14","modified_gmt":"2025-01-20T13:34:14","slug":"localisateur-de-magasins-blackout","status":"publish","type":"page","link":"https:\/\/karriere.blackout.ch\/fr\/localisateur-de-magasins-blackout\/","title":{"rendered":"Localisateur de magasins Blackout"},"content":{"rendered":"\t\t<div data-elementor-type=\"wp-page\" data-elementor-id=\"3064\" class=\"elementor elementor-3064 elementor-2896\" data-elementor-post-type=\"page\">\n\t\t\t\t<div class=\"elementor-element elementor-element-7c3ffc4 e-flex e-con-boxed e-con e-parent\" data-id=\"7c3ffc4\" data-element_type=\"container\" data-e-type=\"container\">\n\t\t\t\t\t<div class=\"e-con-inner\">\n\t\t\t\t<div class=\"elementor-element elementor-element-23cfcd2 elementor-widget elementor-widget-spacer\" data-id=\"23cfcd2\" data-element_type=\"widget\" data-e-type=\"widget\" data-widget_type=\"spacer.default\">\n\t\t\t\t<div class=\"elementor-widget-container\">\n\t\t\t\t\t\t\t<div class=\"elementor-spacer\">\n\t\t\t<div class=\"elementor-spacer-inner\"><\/div>\n\t\t<\/div>\n\t\t\t\t\t\t<\/div>\n\t\t\t\t<\/div>\n\t\t\t\t\t<\/div>\n\t\t\t\t<\/div>\n\t\t<div class=\"elementor-element elementor-element-7a7af20 e-flex e-con-boxed e-con e-parent\" data-id=\"7a7af20\" data-element_type=\"container\" data-e-type=\"container\">\n\t\t\t\t\t<div class=\"e-con-inner\">\n\t\t\t\t<div class=\"elementor-element elementor-element-903c35a elementor-hidden-mobile elementor-widget elementor-widget-heading\" data-id=\"903c35a\" data-element_type=\"widget\" data-e-type=\"widget\" data-widget_type=\"heading.default\">\n\t\t\t\t<div class=\"elementor-widget-container\">\n\t\t\t\t\t<h2 class=\"elementor-heading-title elementor-size-default\">LOCALISATEUR DE MAGASINS BLACKOUT<\/h2>\t\t\t\t<\/div>\n\t\t\t\t<\/div>\n\t\t\t\t<div class=\"elementor-element elementor-element-64bb9db elementor-hidden-desktop elementor-hidden-tablet elementor-widget elementor-widget-heading\" data-id=\"64bb9db\" data-element_type=\"widget\" data-e-type=\"widget\" data-widget_type=\"heading.default\">\n\t\t\t\t<div class=\"elementor-widget-container\">\n\t\t\t\t\t<h3 class=\"elementor-heading-title elementor-size-default\">LOCALISATEUR DE MAGASINS BLACKOUT<\/h3>\t\t\t\t<\/div>\n\t\t\t\t<\/div>\n\t\t\t\t\t<\/div>\n\t\t\t\t<\/div>\n\t\t<div class=\"elementor-element elementor-element-2578001 e-flex e-con-boxed e-con e-parent\" data-id=\"2578001\" data-element_type=\"container\" data-e-type=\"container\">\n\t\t\t\t\t<div class=\"e-con-inner\">\n\t\t\t\t<div class=\"elementor-element elementor-element-4513e47 elementor-widget elementor-widget-text-editor\" data-id=\"4513e47\" data-element_type=\"widget\" data-e-type=\"widget\" data-widget_type=\"text-editor.default\">\n\t\t\t\t<div class=\"elementor-widget-container\">\n\t\t\t\t\t\t\t\t\t<p style=\"text-align: center;\">Gr\u00e2ce au localisateur de magasins <strong>BLACKOUT<\/strong>, tous les passionn\u00e9s de mode trouveront rapidement et facilement tous les magasins <br \/>du c\u00e9l\u00e8bre sp\u00e9cialiste de la mode et\u00a0du jean \u00e0 proximit\u00e9 de chez eux. Gr\u00e2ce \u00e0 l&rsquo;affichage clair de la carte, il est tr\u00e8s facile d&rsquo;identifier le magasin le plus proche et de s&rsquo;y rendre directement.<\/p><p>Vous souhaitez faire partie de la famille <strong>BLACKOUT<\/strong> ? Trouvez d\u00e8s maintenant toutes les succursales pr\u00e8s de chez vous et posez votre <a href=\"https:\/\/karriere.jeans-fritz.com\/karriere\/?_gl=1*1oafq3t*_ga*MjEwMTM2NjkyOS4xNjc1MzMwMTE3*_up*MQ..\">candidature<\/a> d\u00e8s aujourd&rsquo;hui.<\/p>\t\t\t\t\t\t\t\t<\/div>\n\t\t\t\t<\/div>\n\t\t\t\t\t<\/div>\n\t\t\t\t<\/div>\n\t\t<div class=\"elementor-element elementor-element-a802b2f e-flex e-con-boxed e-con e-parent\" data-id=\"a802b2f\" data-element_type=\"container\" data-e-type=\"container\">\n\t\t\t\t\t<div class=\"e-con-inner\">\n\t\t\t\t<div class=\"elementor-element elementor-element-c13f9bf elementor-widget elementor-widget-html\" data-id=\"c13f9bf\" data-element_type=\"widget\" data-e-type=\"widget\" data-widget_type=\"html.default\">\n\t\t\t\t<div class=\"elementor-widget-container\">\n\t\t\t\t\t<script src=\"https:\/\/uberall.com\/assets\/storeFinderWidget-v2.js\" type=\"text\/javascript\"><\/script> <div style=\"min-height:800px;\" id=\"store-finder-widget\" data-key=\"CTQxQpfjZjtHmPzCwPTpNGhbwJslET\"><\/div>\t\t\t\t<\/div>\n\t\t\t\t<\/div>\n\t\t\t\t\t<\/div>\n\t\t\t\t<\/div>\n\t\t\t\t<\/div>\n\t\t","protected":false},"excerpt":{"rendered":"<p>LOCALISATEUR DE MAGASINS BLACKOUT LOCALISATEUR DE MAGASINS BLACKOUT Gr\u00e2ce au localisateur de magasins BLACKOUT, tous les passionn\u00e9s de mode trouveront rapidement et facilement tous les magasins du c\u00e9l\u00e8bre sp\u00e9cialiste de la mode et\u00a0du jean \u00e0 proximit\u00e9 de chez eux. Gr\u00e2ce \u00e0 l&rsquo;affichage clair de la carte, il est tr\u00e8s facile d&rsquo;identifier le magasin le plus [&hellip;]<\/p>\n","protected":false},"author":3,"featured_media":0,"parent":0,"menu_order":0,"comment_status":"closed","ping_status":"closed","template":"","meta":{"site-sidebar-layout":"no-sidebar","site-content-layout":"page-builder","ast-site-content-layout":"default","site-content-style":"default","site-sidebar-style":"default","ast-global-header-display":"","ast-banner-title-visibility":"","ast-main-header-display":"","ast-hfb-above-header-display":"","ast-hfb-below-header-display":"","ast-hfb-mobile-header-display":"","site-post-title":"disabled","ast-breadcrumbs-content":"","ast-featured-img":"disabled","footer-sml-layout":"","ast-disable-related-posts":"","theme-transparent-header-meta":"","adv-header-id-meta":"","stick-header-meta":"","header-above-stick-meta":"","header-main-stick-meta":"","header-below-stick-meta":"","astra-migrate-meta-layouts":"default","ast-page-background-enabled":"default","ast-page-background-meta":{"desktop":{"background-color":"var(--ast-global-color-4)","background-image":"","background-repeat":"repeat","background-position":"center center","background-size":"auto","background-attachment":"scroll","background-type":"","background-media":"","overlay-type":"","overlay-color":"","overlay-opacity":"","overlay-gradient":""},"tablet":{"background-color":"","background-image":"","background-repeat":"repeat","background-position":"center center","background-size":"auto","background-attachment":"scroll","background-type":"","background-media":"","overlay-type":"","overlay-color":"","overlay-opacity":"","overlay-gradient":""},"mobile":{"background-color":"","background-image":"","background-repeat":"repeat","background-position":"center center","background-size":"auto","background-attachment":"scroll","background-type":"","background-media":"","overlay-type":"","overlay-color":"","overlay-opacity":"","overlay-gradient":""}},"ast-content-background-meta":{"desktop":{"background-color":"var(--ast-global-color-5)","background-image":"","background-repeat":"repeat","background-position":"center center","background-size":"auto","background-attachment":"scroll","background-type":"","background-media":"","overlay-type":"","overlay-color":"","overlay-opacity":"","overlay-gradient":""},"tablet":{"background-color":"var(--ast-global-color-5)","background-image":"","background-repeat":"repeat","background-position":"center center","background-size":"auto","background-attachment":"scroll","background-type":"","background-media":"","overlay-type":"","overlay-color":"","overlay-opacity":"","overlay-gradient":""},"mobile":{"background-color":"var(--ast-global-color-5)","background-image":"","background-repeat":"repeat","background-position":"center center","background-size":"auto","background-attachment":"scroll","background-type":"","background-media":"","overlay-type":"","overlay-color":"","overlay-opacity":"","overlay-gradient":""}},"footnotes":""},"class_list":["post-3064","page","type-page","status-publish","hentry"],"yoast_head":"<!-- This site is optimized with the Yoast SEO plugin v27.3 - https:\/\/yoast.com\/product\/yoast-seo-wordpress\/ -->\n<title>Localisateur de magasins Blackout -<\/title>\n<meta name=\"robots\" content=\"index, follow, max-snippet:-1, max-image-preview:large, max-video-preview:-1\" \/>\n<link rel=\"canonical\" href=\"https:\/\/karriere.blackout.ch\/fr\/localisateur-de-magasins-blackout\/\" \/>\n<meta property=\"og:locale\" content=\"fr_FR\" \/>\n<meta property=\"og:type\" content=\"article\" \/>\n<meta property=\"og:title\" content=\"Localisateur de magasins Blackout -\" \/>\n<meta property=\"og:description\" content=\"LOCALISATEUR DE MAGASINS BLACKOUT LOCALISATEUR DE MAGASINS BLACKOUT Gr\u00e2ce au localisateur de magasins BLACKOUT, tous les passionn\u00e9s de mode trouveront rapidement et facilement tous les magasins du c\u00e9l\u00e8bre sp\u00e9cialiste de la mode et\u00a0du jean \u00e0 proximit\u00e9 de chez eux. Gr\u00e2ce \u00e0 l&rsquo;affichage clair de la carte, il est tr\u00e8s facile d&rsquo;identifier le magasin le plus [&hellip;]\" \/>\n<meta property=\"og:url\" content=\"https:\/\/karriere.blackout.ch\/fr\/localisateur-de-magasins-blackout\/\" \/>\n<meta property=\"article:modified_time\" content=\"2025-01-20T13:34:14+00:00\" \/>\n<meta name=\"twitter:card\" content=\"summary_large_image\" \/>\n<meta name=\"twitter:label1\" content=\"Dur\u00e9e de lecture estim\u00e9e\" \/>\n\t<meta name=\"twitter:data1\" content=\"1 minute\" \/>\n<script type=\"application\/ld+json\" class=\"yoast-schema-graph\">{\"@context\":\"https:\\\/\\\/schema.org\",\"@graph\":[{\"@type\":\"WebPage\",\"@id\":\"https:\\\/\\\/karriere.blackout.ch\\\/fr\\\/localisateur-de-magasins-blackout\\\/\",\"url\":\"https:\\\/\\\/karriere.blackout.ch\\\/fr\\\/localisateur-de-magasins-blackout\\\/\",\"name\":\"Localisateur de magasins Blackout -\",\"isPartOf\":{\"@id\":\"https:\\\/\\\/karriere.blackout.ch\\\/fr\\\/#website\"},\"datePublished\":\"2023-02-09T15:49:04+00:00\",\"dateModified\":\"2025-01-20T13:34:14+00:00\",\"breadcrumb\":{\"@id\":\"https:\\\/\\\/karriere.blackout.ch\\\/fr\\\/localisateur-de-magasins-blackout\\\/#breadcrumb\"},\"inLanguage\":\"fr-FR\",\"potentialAction\":[{\"@type\":\"ReadAction\",\"target\":[\"https:\\\/\\\/karriere.blackout.ch\\\/fr\\\/localisateur-de-magasins-blackout\\\/\"]}]},{\"@type\":\"BreadcrumbList\",\"@id\":\"https:\\\/\\\/karriere.blackout.ch\\\/fr\\\/localisateur-de-magasins-blackout\\\/#breadcrumb\",\"itemListElement\":[{\"@type\":\"ListItem\",\"position\":1,\"name\":\"Startseite\",\"item\":\"https:\\\/\\\/karriere.blackout.ch\\\/fr\\\/\"},{\"@type\":\"ListItem\",\"position\":2,\"name\":\"Localisateur de magasins Blackout\"}]},{\"@type\":\"WebSite\",\"@id\":\"https:\\\/\\\/karriere.blackout.ch\\\/fr\\\/#website\",\"url\":\"https:\\\/\\\/karriere.blackout.ch\\\/fr\\\/\",\"name\":\"Blackout Karriereseite\",\"description\":\"\",\"publisher\":{\"@id\":\"https:\\\/\\\/karriere.blackout.ch\\\/fr\\\/#organization\"},\"potentialAction\":[{\"@type\":\"SearchAction\",\"target\":{\"@type\":\"EntryPoint\",\"urlTemplate\":\"https:\\\/\\\/karriere.blackout.ch\\\/fr\\\/?s={search_term_string}\"},\"query-input\":{\"@type\":\"PropertyValueSpecification\",\"valueRequired\":true,\"valueName\":\"search_term_string\"}}],\"inLanguage\":\"fr-FR\"},{\"@type\":\"Organization\",\"@id\":\"https:\\\/\\\/karriere.blackout.ch\\\/fr\\\/#organization\",\"name\":\"BLACKOUT\",\"url\":\"https:\\\/\\\/karriere.blackout.ch\\\/fr\\\/\",\"logo\":{\"@type\":\"ImageObject\",\"inLanguage\":\"fr-FR\",\"@id\":\"https:\\\/\\\/karriere.blackout.ch\\\/fr\\\/#\\\/schema\\\/logo\\\/image\\\/\",\"url\":\"https:\\\/\\\/karriere.blackout.ch\\\/wp-content\\\/uploads\\\/2022\\\/11\\\/cropped-blackout-logo-neu.png\",\"contentUrl\":\"https:\\\/\\\/karriere.blackout.ch\\\/wp-content\\\/uploads\\\/2022\\\/11\\\/cropped-blackout-logo-neu.png\",\"width\":423,\"height\":99,\"caption\":\"BLACKOUT\"},\"image\":{\"@id\":\"https:\\\/\\\/karriere.blackout.ch\\\/fr\\\/#\\\/schema\\\/logo\\\/image\\\/\"}}]}<\/script>\n<!-- \/ Yoast SEO plugin. -->","yoast_head_json":{"title":"Localisateur de magasins Blackout -","robots":{"index":"index","follow":"follow","max-snippet":"max-snippet:-1","max-image-preview":"max-image-preview:large","max-video-preview":"max-video-preview:-1"},"canonical":"https:\/\/karriere.blackout.ch\/fr\/localisateur-de-magasins-blackout\/","og_locale":"fr_FR","og_type":"article","og_title":"Localisateur de magasins Blackout -","og_description":"LOCALISATEUR DE MAGASINS BLACKOUT LOCALISATEUR DE MAGASINS BLACKOUT Gr\u00e2ce au localisateur de magasins BLACKOUT, tous les passionn\u00e9s de mode trouveront rapidement et facilement tous les magasins du c\u00e9l\u00e8bre sp\u00e9cialiste de la mode et\u00a0du jean \u00e0 proximit\u00e9 de chez eux. Gr\u00e2ce \u00e0 l&rsquo;affichage clair de la carte, il est tr\u00e8s facile d&rsquo;identifier le magasin le plus [&hellip;]","og_url":"https:\/\/karriere.blackout.ch\/fr\/localisateur-de-magasins-blackout\/","article_modified_time":"2025-01-20T13:34:14+00:00","twitter_card":"summary_large_image","twitter_misc":{"Dur\u00e9e de lecture estim\u00e9e":"1 minute"},"schema":{"@context":"https:\/\/schema.org","@graph":[{"@type":"WebPage","@id":"https:\/\/karriere.blackout.ch\/fr\/localisateur-de-magasins-blackout\/","url":"https:\/\/karriere.blackout.ch\/fr\/localisateur-de-magasins-blackout\/","name":"Localisateur de magasins Blackout -","isPartOf":{"@id":"https:\/\/karriere.blackout.ch\/fr\/#website"},"datePublished":"2023-02-09T15:49:04+00:00","dateModified":"2025-01-20T13:34:14+00:00","breadcrumb":{"@id":"https:\/\/karriere.blackout.ch\/fr\/localisateur-de-magasins-blackout\/#breadcrumb"},"inLanguage":"fr-FR","potentialAction":[{"@type":"ReadAction","target":["https:\/\/karriere.blackout.ch\/fr\/localisateur-de-magasins-blackout\/"]}]},{"@type":"BreadcrumbList","@id":"https:\/\/karriere.blackout.ch\/fr\/localisateur-de-magasins-blackout\/#breadcrumb","itemListElement":[{"@type":"ListItem","position":1,"name":"Startseite","item":"https:\/\/karriere.blackout.ch\/fr\/"},{"@type":"ListItem","position":2,"name":"Localisateur de magasins Blackout"}]},{"@type":"WebSite","@id":"https:\/\/karriere.blackout.ch\/fr\/#website","url":"https:\/\/karriere.blackout.ch\/fr\/","name":"Blackout Karriereseite","description":"","publisher":{"@id":"https:\/\/karriere.blackout.ch\/fr\/#organization"},"potentialAction":[{"@type":"SearchAction","target":{"@type":"EntryPoint","urlTemplate":"https:\/\/karriere.blackout.ch\/fr\/?s={search_term_string}"},"query-input":{"@type":"PropertyValueSpecification","valueRequired":true,"valueName":"search_term_string"}}],"inLanguage":"fr-FR"},{"@type":"Organization","@id":"https:\/\/karriere.blackout.ch\/fr\/#organization","name":"BLACKOUT","url":"https:\/\/karriere.blackout.ch\/fr\/","logo":{"@type":"ImageObject","inLanguage":"fr-FR","@id":"https:\/\/karriere.blackout.ch\/fr\/#\/schema\/logo\/image\/","url":"https:\/\/karriere.blackout.ch\/wp-content\/uploads\/2022\/11\/cropped-blackout-logo-neu.png","contentUrl":"https:\/\/karriere.blackout.ch\/wp-content\/uploads\/2022\/11\/cropped-blackout-logo-neu.png","width":423,"height":99,"caption":"BLACKOUT"},"image":{"@id":"https:\/\/karriere.blackout.ch\/fr\/#\/schema\/logo\/image\/"}}]}},"_links":{"self":[{"href":"https:\/\/karriere.blackout.ch\/fr\/wp-json\/wp\/v2\/pages\/3064","targetHints":{"allow":["GET"]}}],"collection":[{"href":"https:\/\/karriere.blackout.ch\/fr\/wp-json\/wp\/v2\/pages"}],"about":[{"href":"https:\/\/karriere.blackout.ch\/fr\/wp-json\/wp\/v2\/types\/page"}],"author":[{"embeddable":true,"href":"https:\/\/karriere.blackout.ch\/fr\/wp-json\/wp\/v2\/users\/3"}],"replies":[{"embeddable":true,"href":"https:\/\/karriere.blackout.ch\/fr\/wp-json\/wp\/v2\/comments?post=3064"}],"version-history":[{"count":7,"href":"https:\/\/karriere.blackout.ch\/fr\/wp-json\/wp\/v2\/pages\/3064\/revisions"}],"predecessor-version":[{"id":8048,"href":"https:\/\/karriere.blackout.ch\/fr\/wp-json\/wp\/v2\/pages\/3064\/revisions\/8048"}],"wp:attachment":[{"href":"https:\/\/karriere.blackout.ch\/fr\/wp-json\/wp\/v2\/media?parent=3064"}],"curies":[{"name":"wp","href":"https:\/\/api.w.org\/{rel}","templated":true}]}}