{"id":4527,"date":"2023-08-23T15:10:42","date_gmt":"2023-08-23T13:10:42","guid":{"rendered":"https:\/\/karriere.blackout.ch\/declaration-de-consentement-a-la-participation-anonyme-a-une-enquete-aupres-des-clients\/"},"modified":"2023-08-24T15:57:46","modified_gmt":"2023-08-24T13:57:46","slug":"declaration-de-consentement-a-la-participation-anonyme-a-une-enquete-aupres-des-clients","status":"publish","type":"page","link":"https:\/\/karriere.blackout.ch\/fr\/declaration-de-consentement-a-la-participation-anonyme-a-une-enquete-aupres-des-clients\/","title":{"rendered":"D\u00e9claration de consentement \u00e0 la participation anonyme \u00e0 une enqu\u00eate aupr\u00e8s des clients"},"content":{"rendered":"\t\t<div data-elementor-type=\"wp-page\" data-elementor-id=\"4527\" class=\"elementor elementor-4527 elementor-4513\" data-elementor-post-type=\"page\">\n\t\t\t\t<div class=\"elementor-element elementor-element-1ae4bd8 e-flex e-con-boxed e-con e-parent\" data-id=\"1ae4bd8\" data-element_type=\"container\" data-e-type=\"container\">\n\t\t\t\t\t<div class=\"e-con-inner\">\n\t\t\t\t<div class=\"elementor-element elementor-element-22a847c elementor-widget elementor-widget-heading\" data-id=\"22a847c\" data-element_type=\"widget\" data-e-type=\"widget\" data-widget_type=\"heading.default\">\n\t\t\t\t<div class=\"elementor-widget-container\">\n\t\t\t\t\t<h4 class=\"elementor-heading-title elementor-size-default\">D\u00e9claration de consentement \u00e0 la participation anonyme \u00e0 une enqu\u00eate aupr\u00e8s des clients<\/h4>\t\t\t\t<\/div>\n\t\t\t\t<\/div>\n\t\t\t\t\t<\/div>\n\t\t\t\t<\/div>\n\t\t<div class=\"elementor-element elementor-element-49567af e-flex e-con-boxed e-con e-parent\" data-id=\"49567af\" data-element_type=\"container\" data-e-type=\"container\">\n\t\t\t\t\t<div class=\"e-con-inner\">\n\t\t\t\t<div class=\"elementor-element elementor-element-42b3698 elementor-widget elementor-widget-text-editor\" data-id=\"42b3698\" data-element_type=\"widget\" data-e-type=\"widget\" data-widget_type=\"text-editor.default\">\n\t\t\t\t<div class=\"elementor-widget-container\">\n\t\t\t\t\t\t\t\t\t<p>Nous, <strong>BLACKOUT (Jeans Fritz Schweiz AG),<\/strong> souhaitons r\u00e9aliser des enqu\u00eates aupr\u00e8s de nos clients afin de mieux comprendre leurs besoins et motivations respectifs. Notre objectif est d&rsquo;am\u00e9liorer encore la satisfaction des clients et notre service. Pour atteindre les objectifs d\u00e9crits, nous avons pr\u00e9par\u00e9 un questionnaire.<\/p>\n<p>Aucune donn\u00e9e personnelle n&rsquo;est trait\u00e9e dans la r\u00e9ponse que vous nous adressez, de sorte que l&rsquo;\u00e9valuation des questionnaires et le traitement des r\u00e9ponses se font de mani\u00e8re anonyme.<\/p>\n<p>La participation est volontaire et peut \u00eatre interrompue \u00e0 tout moment. La non-participation n&rsquo;est pas li\u00e9e \u00e0 des cons\u00e9quences n\u00e9gatives.<br \/>Un traitement par le prestataire de services dans des pays tiers non s\u00fbrs ne peut pas \u00eatre exclu.<\/p>\n<p>En participant \u00e0 l&rsquo;enqu\u00eate, vous acceptez le traitement de vos donn\u00e9es personnelles.<br \/>Vous pouvez r\u00e9voquer votre consentement \u00e0 tout moment avec effet pour l&rsquo;avenir.<\/p>\n\t\t\t\t\t\t\t\t<\/div>\n\t\t\t\t<\/div>\n\t\t\t\t\t<\/div>\n\t\t\t\t<\/div>\n\t\t<div class=\"elementor-element elementor-element-7baf548 e-flex e-con-boxed e-con e-parent\" data-id=\"7baf548\" data-element_type=\"container\" data-e-type=\"container\">\n\t\t\t\t\t<div class=\"e-con-inner\">\n\t\t\t\t<div class=\"elementor-element elementor-element-f2930e0 elementor-widget elementor-widget-text-editor\" data-id=\"f2930e0\" data-element_type=\"widget\" data-e-type=\"widget\" data-widget_type=\"text-editor.default\">\n\t\t\t\t<div class=\"elementor-widget-container\">\n\t\t\t\t\t\t\t\t\t<p><strong>Avis de confidentialit\u00e9<\/strong><\/p>\n<p>Le responsable du traitement des donn\u00e9es est BLACKOUT (Jeans Fritz Schweiz AG)<\/p>\n<p>Jeans Fritz Schweiz AG \u2013 BLACKOUT<br \/>Schillerstr. 2<br \/>4127 Birsfelden<br \/>Suisse<br \/>info(at)blackout.ch<\/p>\n<p>Le responsable de la protection des donn\u00e9es de notre entreprise est Georg M\u00f6ller. Le d\u00e9l\u00e9gu\u00e9 \u00e0 la protection des donn\u00e9es peut \u00eatre contact\u00e9 comme suit :<br \/>SK-Consulting Group GmbH<br \/>Osterweg 2; 32549 Bad Oeynhausen<br \/>E-Mail: datenschutz@sk-consulting.com<\/p>\n<p>Nous traitons vos donn\u00e9es exclusivement pour la r\u00e9alisation et l&rsquo;\u00e9valuation dans le cadre de l&rsquo;enqu\u00eate aupr\u00e8s des clients et pour am\u00e9liorer notre prestation de service. Vos r\u00e9ponses seront rendues anonymes d\u00e8s que possible, de sorte qu&rsquo;il ne sera plus possible d&rsquo;\u00e9tablir un lien avec votre personne. La base juridique pour la r\u00e9alisation et l&rsquo;\u00e9valuation dans le cadre de l&rsquo;enqu\u00eate aupr\u00e8s des clients r\u00e9sulte de votre consentement conform\u00e9ment \u00e0 l&rsquo;article 6, paragraphe 1. (1) litt. a DSGVO.<\/p>\n<p>Les donn\u00e9es ne sont transmises qu&rsquo;au prestataire de services. Dans ce contexte, un traitement en dehors du champ d&rsquo;application du RGPD ne peut pas \u00eatre exclu.<\/p>\n<p>En tant que personne concern\u00e9e, vous disposez des droits suivants en vertu du RGPD :<\/p>\n\t\t\t\t\t\t\t\t<\/div>\n\t\t\t\t<\/div>\n\t\t\t\t\t<\/div>\n\t\t\t\t<\/div>\n\t\t<div class=\"elementor-element elementor-element-fa4d8fc e-flex e-con-boxed e-con e-parent\" data-id=\"fa4d8fc\" data-element_type=\"container\" data-e-type=\"container\">\n\t\t\t\t\t<div class=\"e-con-inner\">\n\t\t\t\t<div class=\"elementor-element elementor-element-26b601c elementor-icon-list--layout-traditional elementor-list-item-link-full_width elementor-widget elementor-widget-icon-list\" data-id=\"26b601c\" data-element_type=\"widget\" data-e-type=\"widget\" data-widget_type=\"icon-list.default\">\n\t\t\t\t<div class=\"elementor-widget-container\">\n\t\t\t\t\t\t\t<ul class=\"elementor-icon-list-items\">\n\t\t\t\t\t\t\t<li class=\"elementor-icon-list-item\">\n\t\t\t\t\t\t\t\t\t\t\t<span class=\"elementor-icon-list-icon\">\n\t\t\t\t\t\t\t<i aria-hidden=\"true\" class=\"fas fa-circle\"><\/i>\t\t\t\t\t\t<\/span>\n\t\t\t\t\t\t\t\t\t\t<span class=\"elementor-icon-list-text\">Droit \u00e0 l'information <\/span>\n\t\t\t\t\t\t\t\t\t<\/li>\n\t\t\t\t\t\t\t\t<li class=\"elementor-icon-list-item\">\n\t\t\t\t\t\t\t\t\t\t\t<span class=\"elementor-icon-list-icon\">\n\t\t\t\t\t\t\t<i aria-hidden=\"true\" class=\"fas fa-circle\"><\/i>\t\t\t\t\t\t<\/span>\n\t\t\t\t\t\t\t\t\t\t<span class=\"elementor-icon-list-text\">Droit de rectification <\/span>\n\t\t\t\t\t\t\t\t\t<\/li>\n\t\t\t\t\t\t\t\t<li class=\"elementor-icon-list-item\">\n\t\t\t\t\t\t\t\t\t\t\t<span class=\"elementor-icon-list-icon\">\n\t\t\t\t\t\t\t<i aria-hidden=\"true\" class=\"fas fa-circle\"><\/i>\t\t\t\t\t\t<\/span>\n\t\t\t\t\t\t\t\t\t\t<span class=\"elementor-icon-list-text\">Droit \u00e0 l'effacement (\"droit \u00e0 l'oubli\") <\/span>\n\t\t\t\t\t\t\t\t\t<\/li>\n\t\t\t\t\t\t\t\t<li class=\"elementor-icon-list-item\">\n\t\t\t\t\t\t\t\t\t\t\t<span class=\"elementor-icon-list-icon\">\n\t\t\t\t\t\t\t<i aria-hidden=\"true\" class=\"fas fa-circle\"><\/i>\t\t\t\t\t\t<\/span>\n\t\t\t\t\t\t\t\t\t\t<span class=\"elementor-icon-list-text\">Droit \u00e0 la limitation du traitement <\/span>\n\t\t\t\t\t\t\t\t\t<\/li>\n\t\t\t\t\t\t\t\t<li class=\"elementor-icon-list-item\">\n\t\t\t\t\t\t\t\t\t\t\t<span class=\"elementor-icon-list-icon\">\n\t\t\t\t\t\t\t<i aria-hidden=\"true\" class=\"fas fa-circle\"><\/i>\t\t\t\t\t\t<\/span>\n\t\t\t\t\t\t\t\t\t\t<span class=\"elementor-icon-list-text\">Droit \u00e0 la portabilit\u00e9 des donn\u00e9es <\/span>\n\t\t\t\t\t\t\t\t\t<\/li>\n\t\t\t\t\t\t<\/ul>\n\t\t\t\t\t\t<\/div>\n\t\t\t\t<\/div>\n\t\t\t\t\t<\/div>\n\t\t\t\t<\/div>\n\t\t<div class=\"elementor-element elementor-element-8bfbc83 e-flex e-con-boxed e-con e-parent\" data-id=\"8bfbc83\" data-element_type=\"container\" data-e-type=\"container\">\n\t\t\t\t\t<div class=\"e-con-inner\">\n\t\t\t\t<div class=\"elementor-element elementor-element-2dbdd0e elementor-widget elementor-widget-text-editor\" data-id=\"2dbdd0e\" data-element_type=\"widget\" data-e-type=\"widget\" data-widget_type=\"text-editor.default\">\n\t\t\t\t<div class=\"elementor-widget-container\">\n\t\t\t\t\t\t\t\t\t<p><strong>DONN\u00c9ES PERSONNELLES<\/strong><br \/>Gr\u00e2ce \u00e0 ces donn\u00e9es, nous pouvons conna\u00eetre votre identit\u00e9. Les donn\u00e9es personnelles comprennent le nom, l&rsquo;adresse, le num\u00e9ro de t\u00e9l\u00e9phone, l&rsquo;adresse e-mail, etc.<br \/>En principe, vous pouvez surfer sur notre site Internet sans avoir \u00e0 r\u00e9v\u00e9ler votre identit\u00e9. Toutefois, si vous souhaitez utiliser le formulaire de contact ou de candidature, vous devrez saisir vos donn\u00e9es. Vos donn\u00e9es ne seront collect\u00e9es par BLACKOUT (Jeans Fritz Schweiz AG) que si vous les mettez express\u00e9ment \u00e0 notre disposition. BLACKOUT (Jeans Fritz Schweiz AG) appr\u00e9cie votre confiance et nous vous assurons donc que les informations vous concernant ne seront utilis\u00e9es qu&rsquo;au sein de notre entreprise et ne seront en aucun cas transmises \u00e0 des tiers.<\/p><p><strong>DONN\u00c9ES D\u00c9MOGRAPHIQUES<\/strong><br \/>Pour des raisons techniques, BLACKOUT (Jeans Fritz Schweiz AG) collecte automatiquement des donn\u00e9es de tous les utilisateurs de ce site Web qui ne peuvent pas \u00eatre attribu\u00e9es \u00e0 leur identit\u00e9. Ces donn\u00e9es comprennent des informations sur le navigateur Internet et le syst\u00e8me d&rsquo;exploitation, l&rsquo;adresse IP, la dur\u00e9e moyenne de la visite et les pages vues. BLACKOUT (Jeans Fritz Schweiz AG) garantit qu&rsquo;aucun lien ne sera \u00e9tabli avec vos donn\u00e9es personnelles et que ces donn\u00e9es ne seront pas non plus transmises \u00e0 des tiers. Votre vie priv\u00e9e est prot\u00e9g\u00e9e \u00e0 tout moment en s\u00e9parant les donn\u00e9es d\u00e9mographiques et personnelles.<\/p><p><strong>COOKIES<\/strong><br \/>Lorsque vous visitez notre site Internet, des informations sont enregistr\u00e9es sur votre ordinateur sous la forme d&rsquo;un cookie. Ce sont de petits fichiers-texte qui nous aident \u00e0 vous pr\u00e9senter une offre aussi personnalis\u00e9e que possible. Les cookies ne p\u00e9n\u00e8trent pas dans votre syst\u00e8me et ne causent aucun dommage.<br \/>Si vous ne souhaitez pas que des cookies soient install\u00e9s lorsque vous visitez notre site Web, vous pouvez faire une modification dans les param\u00e8tres de votre navigateur. Vous pouvez surfer sur ce site Web sans restriction, m\u00eame sans cookie.<\/p><script\n\t\ttype=\"text\/javascript\"\n\t\tid=\"CookieDeclaration\"\n\t\tsrc=\"https:\/\/consent.cookiebot.com\/4b799a55-a95e-4143-a52d-46af954f1ddc\/cd.js\"\n\t\t\tdata-culture=\"FR\"\n\t\tasync><\/script>\n<p><strong>RESPONSABILIT\u00c9 POUR LES LIENS VERS DES SITES INTERNET EXTERNES<\/strong><br \/>Notre offre contient des liens vers des sites Web externes de tiers, sur lesquels nous n&rsquo;avons aucune influence. Par cons\u00e9quent, nous ne pouvons assumer aucune responsabilit\u00e9 pour ce contenu externe. Le fournisseur ou l&rsquo;exploitant respectif des pages est toujours responsable du contenu des pages li\u00e9es. Les directives de protection des donn\u00e9es des exploitants des sites Web externes sont ind\u00e9pendantes de notre offre. Par cons\u00e9quent, BLACKOUT (Jeans Fritz Schweiz AG) n&rsquo;assume aucune responsabilit\u00e9 pour ces directives.<\/p><p><br \/><strong>ANALYSE WEB AVEC GOOGLE ANALYTICS<\/strong><br \/>Afin d&rsquo;assurer une conception de notre site Web bas\u00e9e sur les besoins, nous utilisons un outil d&rsquo;analyse pour l&rsquo;analyse Web : Google Analytics, un service d&rsquo;analyse Web fourni par Google Inc. (\u201cGoogle\u201d). Google Analytics place un \u00ab\u00a0cookie\u00a0\u00bb (vous trouverez une explication plus haut dans le texte) qui permet une analyse de votre comportement d&rsquo;utilisateur sur notre page d&rsquo;accueil. Les informations g\u00e9n\u00e9r\u00e9es par le cookie concernant votre comportement d&rsquo;utilisateur sont transmises \u00e0 un serveur de Google aux \u00c9tats-Unis et y sont stock\u00e9es. Toutefois, si vous avez activ\u00e9 l&rsquo;anonymisation IP, votre adresse IP sera pr\u00e9alablement raccourcie par Google dans les \u00c9tats-membres de l&rsquo;Union europ\u00e9enne ou dans d&rsquo;autres \u00c9tats contractants de l&rsquo;accord sur l&rsquo;Espace \u00e9conomique europ\u00e9en. Google utilise les informations pour \u00e9valuer votre utilisation de notre site Web, pour compiler des rapports sur l&rsquo;activit\u00e9 du site Web et pour fournir d&rsquo;autres services li\u00e9s \u00e0 l&rsquo;activit\u00e9 du site Web et \u00e0 l&rsquo;utilisation d&rsquo;Internet \u00e0 l&rsquo;op\u00e9rateur du site Web BLACKOUT (Jeans Fritz Schweiz AG).<br \/>Vous pouvez d\u00e9sactiver les cookies dans les param\u00e8tres de votre navigateur.<\/p><p>Si vous avez encore des questions rest\u00e9es sans r\u00e9ponse sur la protection des donn\u00e9es, vous pouvez nous joindre via le formulaire de contact ou par e-mail : info(at)blackout.ch.<\/p>\t\t\t\t\t\t\t\t<\/div>\n\t\t\t\t<\/div>\n\t\t\t\t\t<\/div>\n\t\t\t\t<\/div>\n\t\t\t\t<\/div>\n\t\t","protected":false},"excerpt":{"rendered":"<p>D\u00e9claration de consentement \u00e0 la participation anonyme \u00e0 une enqu\u00eate aupr\u00e8s des clients Nous, BLACKOUT (Jeans Fritz Schweiz AG), souhaitons r\u00e9aliser des enqu\u00eates aupr\u00e8s de nos clients afin de mieux comprendre leurs besoins et motivations respectifs. Notre objectif est d&rsquo;am\u00e9liorer encore la satisfaction des clients et notre service. Pour atteindre les objectifs d\u00e9crits, nous avons [&hellip;]<\/p>\n","protected":false},"author":3,"featured_media":0,"parent":0,"menu_order":0,"comment_status":"closed","ping_status":"closed","template":"","meta":{"site-sidebar-layout":"no-sidebar","site-content-layout":"page-builder","ast-site-content-layout":"default","site-content-style":"default","site-sidebar-style":"default","ast-global-header-display":"","ast-banner-title-visibility":"","ast-main-header-display":"","ast-hfb-above-header-display":"","ast-hfb-below-header-display":"","ast-hfb-mobile-header-display":"","site-post-title":"disabled","ast-breadcrumbs-content":"","ast-featured-img":"disabled","footer-sml-layout":"","ast-disable-related-posts":"","theme-transparent-header-meta":"","adv-header-id-meta":"","stick-header-meta":"","header-above-stick-meta":"","header-main-stick-meta":"","header-below-stick-meta":"","astra-migrate-meta-layouts":"default","ast-page-background-enabled":"default","ast-page-background-meta":{"desktop":{"background-color":"var(--ast-global-color-4)","background-image":"","background-repeat":"repeat","background-position":"center center","background-size":"auto","background-attachment":"scroll","background-type":"","background-media":"","overlay-type":"","overlay-color":"","overlay-opacity":"","overlay-gradient":""},"tablet":{"background-color":"","background-image":"","background-repeat":"repeat","background-position":"center center","background-size":"auto","background-attachment":"scroll","background-type":"","background-media":"","overlay-type":"","overlay-color":"","overlay-opacity":"","overlay-gradient":""},"mobile":{"background-color":"","background-image":"","background-repeat":"repeat","background-position":"center center","background-size":"auto","background-attachment":"scroll","background-type":"","background-media":"","overlay-type":"","overlay-color":"","overlay-opacity":"","overlay-gradient":""}},"ast-content-background-meta":{"desktop":{"background-color":"var(--ast-global-color-5)","background-image":"","background-repeat":"repeat","background-position":"center center","background-size":"auto","background-attachment":"scroll","background-type":"","background-media":"","overlay-type":"","overlay-color":"","overlay-opacity":"","overlay-gradient":""},"tablet":{"background-color":"var(--ast-global-color-5)","background-image":"","background-repeat":"repeat","background-position":"center center","background-size":"auto","background-attachment":"scroll","background-type":"","background-media":"","overlay-type":"","overlay-color":"","overlay-opacity":"","overlay-gradient":""},"mobile":{"background-color":"var(--ast-global-color-5)","background-image":"","background-repeat":"repeat","background-position":"center center","background-size":"auto","background-attachment":"scroll","background-type":"","background-media":"","overlay-type":"","overlay-color":"","overlay-opacity":"","overlay-gradient":""}},"footnotes":""},"class_list":["post-4527","page","type-page","status-publish","hentry"],"yoast_head":"<!-- This site is optimized with the Yoast SEO plugin v27.3 - https:\/\/yoast.com\/product\/yoast-seo-wordpress\/ -->\n<title>D\u00e9claration de consentement \u00e0 la participation anonyme \u00e0 une enqu\u00eate aupr\u00e8s des clients -<\/title>\n<meta name=\"robots\" content=\"index, follow, max-snippet:-1, max-image-preview:large, max-video-preview:-1\" \/>\n<link rel=\"canonical\" href=\"https:\/\/karriere.blackout.ch\/fr\/declaration-de-consentement-a-la-participation-anonyme-a-une-enquete-aupres-des-clients\/\" \/>\n<meta property=\"og:locale\" content=\"fr_FR\" \/>\n<meta property=\"og:type\" content=\"article\" \/>\n<meta property=\"og:title\" content=\"D\u00e9claration de consentement \u00e0 la participation anonyme \u00e0 une enqu\u00eate aupr\u00e8s des clients -\" \/>\n<meta property=\"og:description\" content=\"D\u00e9claration de consentement \u00e0 la participation anonyme \u00e0 une enqu\u00eate aupr\u00e8s des clients Nous, BLACKOUT (Jeans Fritz Schweiz AG), souhaitons r\u00e9aliser des enqu\u00eates aupr\u00e8s de nos clients afin de mieux comprendre leurs besoins et motivations respectifs. Notre objectif est d&rsquo;am\u00e9liorer encore la satisfaction des clients et notre service. Pour atteindre les objectifs d\u00e9crits, nous avons [&hellip;]\" \/>\n<meta property=\"og:url\" content=\"https:\/\/karriere.blackout.ch\/fr\/declaration-de-consentement-a-la-participation-anonyme-a-une-enquete-aupres-des-clients\/\" \/>\n<meta property=\"article:modified_time\" content=\"2023-08-24T13:57:46+00:00\" \/>\n<meta name=\"twitter:card\" content=\"summary_large_image\" \/>\n<meta name=\"twitter:label1\" content=\"Dur\u00e9e de lecture estim\u00e9e\" \/>\n\t<meta name=\"twitter:data1\" content=\"5 minutes\" \/>\n<script type=\"application\/ld+json\" class=\"yoast-schema-graph\">{\"@context\":\"https:\\\/\\\/schema.org\",\"@graph\":[{\"@type\":\"WebPage\",\"@id\":\"https:\\\/\\\/karriere.blackout.ch\\\/fr\\\/declaration-de-consentement-a-la-participation-anonyme-a-une-enquete-aupres-des-clients\\\/\",\"url\":\"https:\\\/\\\/karriere.blackout.ch\\\/fr\\\/declaration-de-consentement-a-la-participation-anonyme-a-une-enquete-aupres-des-clients\\\/\",\"name\":\"D\u00e9claration de consentement \u00e0 la participation anonyme \u00e0 une enqu\u00eate aupr\u00e8s des clients -\",\"isPartOf\":{\"@id\":\"https:\\\/\\\/karriere.blackout.ch\\\/fr\\\/#website\"},\"datePublished\":\"2023-08-23T13:10:42+00:00\",\"dateModified\":\"2023-08-24T13:57:46+00:00\",\"breadcrumb\":{\"@id\":\"https:\\\/\\\/karriere.blackout.ch\\\/fr\\\/declaration-de-consentement-a-la-participation-anonyme-a-une-enquete-aupres-des-clients\\\/#breadcrumb\"},\"inLanguage\":\"fr-FR\",\"potentialAction\":[{\"@type\":\"ReadAction\",\"target\":[\"https:\\\/\\\/karriere.blackout.ch\\\/fr\\\/declaration-de-consentement-a-la-participation-anonyme-a-une-enquete-aupres-des-clients\\\/\"]}]},{\"@type\":\"BreadcrumbList\",\"@id\":\"https:\\\/\\\/karriere.blackout.ch\\\/fr\\\/declaration-de-consentement-a-la-participation-anonyme-a-une-enquete-aupres-des-clients\\\/#breadcrumb\",\"itemListElement\":[{\"@type\":\"ListItem\",\"position\":1,\"name\":\"Startseite\",\"item\":\"https:\\\/\\\/karriere.blackout.ch\\\/fr\\\/\"},{\"@type\":\"ListItem\",\"position\":2,\"name\":\"D\u00e9claration de consentement \u00e0 la participation anonyme \u00e0 une enqu\u00eate aupr\u00e8s des clients\"}]},{\"@type\":\"WebSite\",\"@id\":\"https:\\\/\\\/karriere.blackout.ch\\\/fr\\\/#website\",\"url\":\"https:\\\/\\\/karriere.blackout.ch\\\/fr\\\/\",\"name\":\"Blackout Karriereseite\",\"description\":\"\",\"publisher\":{\"@id\":\"https:\\\/\\\/karriere.blackout.ch\\\/fr\\\/#organization\"},\"potentialAction\":[{\"@type\":\"SearchAction\",\"target\":{\"@type\":\"EntryPoint\",\"urlTemplate\":\"https:\\\/\\\/karriere.blackout.ch\\\/fr\\\/?s={search_term_string}\"},\"query-input\":{\"@type\":\"PropertyValueSpecification\",\"valueRequired\":true,\"valueName\":\"search_term_string\"}}],\"inLanguage\":\"fr-FR\"},{\"@type\":\"Organization\",\"@id\":\"https:\\\/\\\/karriere.blackout.ch\\\/fr\\\/#organization\",\"name\":\"BLACKOUT\",\"url\":\"https:\\\/\\\/karriere.blackout.ch\\\/fr\\\/\",\"logo\":{\"@type\":\"ImageObject\",\"inLanguage\":\"fr-FR\",\"@id\":\"https:\\\/\\\/karriere.blackout.ch\\\/fr\\\/#\\\/schema\\\/logo\\\/image\\\/\",\"url\":\"https:\\\/\\\/karriere.blackout.ch\\\/wp-content\\\/uploads\\\/2022\\\/11\\\/cropped-blackout-logo-neu.png\",\"contentUrl\":\"https:\\\/\\\/karriere.blackout.ch\\\/wp-content\\\/uploads\\\/2022\\\/11\\\/cropped-blackout-logo-neu.png\",\"width\":423,\"height\":99,\"caption\":\"BLACKOUT\"},\"image\":{\"@id\":\"https:\\\/\\\/karriere.blackout.ch\\\/fr\\\/#\\\/schema\\\/logo\\\/image\\\/\"}}]}<\/script>\n<!-- \/ Yoast SEO plugin. -->","yoast_head_json":{"title":"D\u00e9claration de consentement \u00e0 la participation anonyme \u00e0 une enqu\u00eate aupr\u00e8s des clients -","robots":{"index":"index","follow":"follow","max-snippet":"max-snippet:-1","max-image-preview":"max-image-preview:large","max-video-preview":"max-video-preview:-1"},"canonical":"https:\/\/karriere.blackout.ch\/fr\/declaration-de-consentement-a-la-participation-anonyme-a-une-enquete-aupres-des-clients\/","og_locale":"fr_FR","og_type":"article","og_title":"D\u00e9claration de consentement \u00e0 la participation anonyme \u00e0 une enqu\u00eate aupr\u00e8s des clients -","og_description":"D\u00e9claration de consentement \u00e0 la participation anonyme \u00e0 une enqu\u00eate aupr\u00e8s des clients Nous, BLACKOUT (Jeans Fritz Schweiz AG), souhaitons r\u00e9aliser des enqu\u00eates aupr\u00e8s de nos clients afin de mieux comprendre leurs besoins et motivations respectifs. Notre objectif est d&rsquo;am\u00e9liorer encore la satisfaction des clients et notre service. Pour atteindre les objectifs d\u00e9crits, nous avons [&hellip;]","og_url":"https:\/\/karriere.blackout.ch\/fr\/declaration-de-consentement-a-la-participation-anonyme-a-une-enquete-aupres-des-clients\/","article_modified_time":"2023-08-24T13:57:46+00:00","twitter_card":"summary_large_image","twitter_misc":{"Dur\u00e9e de lecture estim\u00e9e":"5 minutes"},"schema":{"@context":"https:\/\/schema.org","@graph":[{"@type":"WebPage","@id":"https:\/\/karriere.blackout.ch\/fr\/declaration-de-consentement-a-la-participation-anonyme-a-une-enquete-aupres-des-clients\/","url":"https:\/\/karriere.blackout.ch\/fr\/declaration-de-consentement-a-la-participation-anonyme-a-une-enquete-aupres-des-clients\/","name":"D\u00e9claration de consentement \u00e0 la participation anonyme \u00e0 une enqu\u00eate aupr\u00e8s des clients -","isPartOf":{"@id":"https:\/\/karriere.blackout.ch\/fr\/#website"},"datePublished":"2023-08-23T13:10:42+00:00","dateModified":"2023-08-24T13:57:46+00:00","breadcrumb":{"@id":"https:\/\/karriere.blackout.ch\/fr\/declaration-de-consentement-a-la-participation-anonyme-a-une-enquete-aupres-des-clients\/#breadcrumb"},"inLanguage":"fr-FR","potentialAction":[{"@type":"ReadAction","target":["https:\/\/karriere.blackout.ch\/fr\/declaration-de-consentement-a-la-participation-anonyme-a-une-enquete-aupres-des-clients\/"]}]},{"@type":"BreadcrumbList","@id":"https:\/\/karriere.blackout.ch\/fr\/declaration-de-consentement-a-la-participation-anonyme-a-une-enquete-aupres-des-clients\/#breadcrumb","itemListElement":[{"@type":"ListItem","position":1,"name":"Startseite","item":"https:\/\/karriere.blackout.ch\/fr\/"},{"@type":"ListItem","position":2,"name":"D\u00e9claration de consentement \u00e0 la participation anonyme \u00e0 une enqu\u00eate aupr\u00e8s des clients"}]},{"@type":"WebSite","@id":"https:\/\/karriere.blackout.ch\/fr\/#website","url":"https:\/\/karriere.blackout.ch\/fr\/","name":"Blackout Karriereseite","description":"","publisher":{"@id":"https:\/\/karriere.blackout.ch\/fr\/#organization"},"potentialAction":[{"@type":"SearchAction","target":{"@type":"EntryPoint","urlTemplate":"https:\/\/karriere.blackout.ch\/fr\/?s={search_term_string}"},"query-input":{"@type":"PropertyValueSpecification","valueRequired":true,"valueName":"search_term_string"}}],"inLanguage":"fr-FR"},{"@type":"Organization","@id":"https:\/\/karriere.blackout.ch\/fr\/#organization","name":"BLACKOUT","url":"https:\/\/karriere.blackout.ch\/fr\/","logo":{"@type":"ImageObject","inLanguage":"fr-FR","@id":"https:\/\/karriere.blackout.ch\/fr\/#\/schema\/logo\/image\/","url":"https:\/\/karriere.blackout.ch\/wp-content\/uploads\/2022\/11\/cropped-blackout-logo-neu.png","contentUrl":"https:\/\/karriere.blackout.ch\/wp-content\/uploads\/2022\/11\/cropped-blackout-logo-neu.png","width":423,"height":99,"caption":"BLACKOUT"},"image":{"@id":"https:\/\/karriere.blackout.ch\/fr\/#\/schema\/logo\/image\/"}}]}},"_links":{"self":[{"href":"https:\/\/karriere.blackout.ch\/fr\/wp-json\/wp\/v2\/pages\/4527","targetHints":{"allow":["GET"]}}],"collection":[{"href":"https:\/\/karriere.blackout.ch\/fr\/wp-json\/wp\/v2\/pages"}],"about":[{"href":"https:\/\/karriere.blackout.ch\/fr\/wp-json\/wp\/v2\/types\/page"}],"author":[{"embeddable":true,"href":"https:\/\/karriere.blackout.ch\/fr\/wp-json\/wp\/v2\/users\/3"}],"replies":[{"embeddable":true,"href":"https:\/\/karriere.blackout.ch\/fr\/wp-json\/wp\/v2\/comments?post=4527"}],"version-history":[{"count":10,"href":"https:\/\/karriere.blackout.ch\/fr\/wp-json\/wp\/v2\/pages\/4527\/revisions"}],"predecessor-version":[{"id":4555,"href":"https:\/\/karriere.blackout.ch\/fr\/wp-json\/wp\/v2\/pages\/4527\/revisions\/4555"}],"wp:attachment":[{"href":"https:\/\/karriere.blackout.ch\/fr\/wp-json\/wp\/v2\/media?parent=4527"}],"curies":[{"name":"wp","href":"https:\/\/api.w.org\/{rel}","templated":true}]}}