{"id":2954,"date":"2023-02-09T16:49:04","date_gmt":"2023-02-09T15:49:04","guid":{"rendered":"https:\/\/blackout-karriere.wordpress-hosting.coupling-media.com\/blackout-localizzatore-di-negozi\/"},"modified":"2023-02-10T14:50:39","modified_gmt":"2023-02-10T13:50:39","slug":"blackout-localizzatore-di-negozi","status":"publish","type":"page","link":"https:\/\/karriere.blackout.ch\/it\/blackout-localizzatore-di-negozi\/","title":{"rendered":"BLACKOUT LOCALIZZATORE DI NEGOZI"},"content":{"rendered":"\t\t<div data-elementor-type=\"wp-page\" data-elementor-id=\"2954\" class=\"elementor elementor-2954 elementor-2896\" data-elementor-post-type=\"page\">\n\t\t\t\t<div class=\"elementor-element elementor-element-7c3ffc4 e-flex e-con-boxed e-con e-parent\" data-id=\"7c3ffc4\" data-element_type=\"container\" data-e-type=\"container\">\n\t\t\t\t\t<div class=\"e-con-inner\">\n\t\t\t\t<div class=\"elementor-element elementor-element-23cfcd2 elementor-widget elementor-widget-spacer\" data-id=\"23cfcd2\" data-element_type=\"widget\" data-e-type=\"widget\" data-widget_type=\"spacer.default\">\n\t\t\t\t<div class=\"elementor-widget-container\">\n\t\t\t\t\t\t\t<div class=\"elementor-spacer\">\n\t\t\t<div class=\"elementor-spacer-inner\"><\/div>\n\t\t<\/div>\n\t\t\t\t\t\t<\/div>\n\t\t\t\t<\/div>\n\t\t\t\t\t<\/div>\n\t\t\t\t<\/div>\n\t\t<div class=\"elementor-element elementor-element-7a7af20 e-flex e-con-boxed e-con e-parent\" data-id=\"7a7af20\" data-element_type=\"container\" data-e-type=\"container\">\n\t\t\t\t\t<div class=\"e-con-inner\">\n\t\t\t\t<div class=\"elementor-element elementor-element-903c35a elementor-widget elementor-widget-heading\" data-id=\"903c35a\" data-element_type=\"widget\" data-e-type=\"widget\" data-widget_type=\"heading.default\">\n\t\t\t\t<div class=\"elementor-widget-container\">\n\t\t\t\t\t<h2 class=\"elementor-heading-title elementor-size-default\"><b>BLACKOUT LOCALIZZATORE DI NEGOZI<\/b><\/h2>\t\t\t\t<\/div>\n\t\t\t\t<\/div>\n\t\t\t\t\t<\/div>\n\t\t\t\t<\/div>\n\t\t<div class=\"elementor-element elementor-element-2578001 e-flex e-con-boxed e-con e-parent\" data-id=\"2578001\" data-element_type=\"container\" data-e-type=\"container\">\n\t\t\t\t\t<div class=\"e-con-inner\">\n\t\t\t\t<div class=\"elementor-element elementor-element-4513e47 elementor-widget elementor-widget-text-editor\" data-id=\"4513e47\" data-element_type=\"widget\" data-e-type=\"widget\" data-widget_type=\"text-editor.default\">\n\t\t\t\t<div class=\"elementor-widget-container\">\n\t\t\t\t\t\t\t\t\t<p style=\"text-align: center;\">Con il cercatore di filiali BLACKOUT, tutti gli appassionati di moda possono trovare rapidamente e facilmente tutte le filiali del rinomato marchio <br>Specialisti della moda e dei jeans&nbsp;vicino a voi. Grazie alla chiara visualizzazione della mappa, \u00e8 un gioco da ragazzi individuare la filiale pi\u00f9 vicina e navigare direttamente l\u00ec.<\/p>\n<p><\/p>\n<p>Vuoi entrare a far parte della famiglia BLACKOUT? rova subito tutte le filiali pi\u00f9 vicine a te e fai <a href=\"https:\/\/karriere.jeans-fritz.com\/karriere\/?_gl=1*1oafq3t*_ga*MjEwMTM2NjkyOS4xNjc1MzMwMTE3*_up*MQ..\">domanda<\/a> oggi stesso.<\/p>\t\t\t\t\t\t\t\t<\/div>\n\t\t\t\t<\/div>\n\t\t\t\t\t<\/div>\n\t\t\t\t<\/div>\n\t\t<div class=\"elementor-element elementor-element-a802b2f e-flex e-con-boxed e-con e-parent\" data-id=\"a802b2f\" data-element_type=\"container\" data-e-type=\"container\">\n\t\t\t\t\t<div class=\"e-con-inner\">\n\t\t\t\t<div class=\"elementor-element elementor-element-c13f9bf elementor-widget elementor-widget-html\" data-id=\"c13f9bf\" data-element_type=\"widget\" data-e-type=\"widget\" data-widget_type=\"html.default\">\n\t\t\t\t<div class=\"elementor-widget-container\">\n\t\t\t\t\t<script src=\"https:\/\/uberall.com\/assets\/storeFinderWidget-v2.js\" type=\"text\/javascript\"><\/script> <div style=\"min-height:800px;\" id=\"store-finder-widget\" data-key=\"CTQxQpfjZjtHmPzCwPTpNGhbwJslET\"><\/div>\t\t\t\t<\/div>\n\t\t\t\t<\/div>\n\t\t\t\t\t<\/div>\n\t\t\t\t<\/div>\n\t\t\t\t<\/div>\n\t\t","protected":false},"excerpt":{"rendered":"<p>BLACKOUT LOCALIZZATORE DI NEGOZI Con il cercatore di filiali BLACKOUT, tutti gli appassionati di moda possono trovare rapidamente e facilmente tutte le filiali del rinomato marchio Specialisti della moda e dei jeans&nbsp;vicino a voi. Grazie alla chiara visualizzazione della mappa, \u00e8 un gioco da ragazzi individuare la filiale pi\u00f9 vicina e navigare direttamente l\u00ec. Vuoi [&hellip;]<\/p>\n","protected":false},"author":3,"featured_media":0,"parent":0,"menu_order":0,"comment_status":"closed","ping_status":"closed","template":"","meta":{"site-sidebar-layout":"no-sidebar","site-content-layout":"page-builder","ast-site-content-layout":"default","site-content-style":"default","site-sidebar-style":"default","ast-global-header-display":"","ast-banner-title-visibility":"","ast-main-header-display":"","ast-hfb-above-header-display":"","ast-hfb-below-header-display":"","ast-hfb-mobile-header-display":"","site-post-title":"disabled","ast-breadcrumbs-content":"","ast-featured-img":"disabled","footer-sml-layout":"","ast-disable-related-posts":"","theme-transparent-header-meta":"","adv-header-id-meta":"","stick-header-meta":"","header-above-stick-meta":"","header-main-stick-meta":"","header-below-stick-meta":"","astra-migrate-meta-layouts":"default","ast-page-background-enabled":"default","ast-page-background-meta":{"desktop":{"background-color":"var(--ast-global-color-4)","background-image":"","background-repeat":"repeat","background-position":"center center","background-size":"auto","background-attachment":"scroll","background-type":"","background-media":"","overlay-type":"","overlay-color":"","overlay-opacity":"","overlay-gradient":""},"tablet":{"background-color":"","background-image":"","background-repeat":"repeat","background-position":"center center","background-size":"auto","background-attachment":"scroll","background-type":"","background-media":"","overlay-type":"","overlay-color":"","overlay-opacity":"","overlay-gradient":""},"mobile":{"background-color":"","background-image":"","background-repeat":"repeat","background-position":"center center","background-size":"auto","background-attachment":"scroll","background-type":"","background-media":"","overlay-type":"","overlay-color":"","overlay-opacity":"","overlay-gradient":""}},"ast-content-background-meta":{"desktop":{"background-color":"var(--ast-global-color-5)","background-image":"","background-repeat":"repeat","background-position":"center center","background-size":"auto","background-attachment":"scroll","background-type":"","background-media":"","overlay-type":"","overlay-color":"","overlay-opacity":"","overlay-gradient":""},"tablet":{"background-color":"var(--ast-global-color-5)","background-image":"","background-repeat":"repeat","background-position":"center center","background-size":"auto","background-attachment":"scroll","background-type":"","background-media":"","overlay-type":"","overlay-color":"","overlay-opacity":"","overlay-gradient":""},"mobile":{"background-color":"var(--ast-global-color-5)","background-image":"","background-repeat":"repeat","background-position":"center center","background-size":"auto","background-attachment":"scroll","background-type":"","background-media":"","overlay-type":"","overlay-color":"","overlay-opacity":"","overlay-gradient":""}},"footnotes":""},"class_list":["post-2954","page","type-page","status-publish","hentry"],"yoast_head":"<!-- This site is optimized with the Yoast SEO plugin v27.3 - https:\/\/yoast.com\/product\/yoast-seo-wordpress\/ -->\n<title>BLACKOUT LOCALIZZATORE DI NEGOZI -<\/title>\n<meta name=\"robots\" content=\"index, follow, max-snippet:-1, max-image-preview:large, max-video-preview:-1\" \/>\n<link rel=\"canonical\" href=\"https:\/\/karriere.blackout.ch\/it\/blackout-localizzatore-di-negozi\/\" \/>\n<meta property=\"og:locale\" content=\"it_IT\" \/>\n<meta property=\"og:type\" content=\"article\" \/>\n<meta property=\"og:title\" content=\"BLACKOUT LOCALIZZATORE DI NEGOZI -\" \/>\n<meta property=\"og:description\" content=\"BLACKOUT LOCALIZZATORE DI NEGOZI Con il cercatore di filiali BLACKOUT, tutti gli appassionati di moda possono trovare rapidamente e facilmente tutte le filiali del rinomato marchio Specialisti della moda e dei jeans&nbsp;vicino a voi. Grazie alla chiara visualizzazione della mappa, \u00e8 un gioco da ragazzi individuare la filiale pi\u00f9 vicina e navigare direttamente l\u00ec. Vuoi [&hellip;]\" \/>\n<meta property=\"og:url\" content=\"https:\/\/karriere.blackout.ch\/it\/blackout-localizzatore-di-negozi\/\" \/>\n<meta property=\"article:modified_time\" content=\"2023-02-10T13:50:39+00:00\" \/>\n<meta name=\"twitter:card\" content=\"summary_large_image\" \/>\n<script type=\"application\/ld+json\" class=\"yoast-schema-graph\">{\"@context\":\"https:\\\/\\\/schema.org\",\"@graph\":[{\"@type\":\"WebPage\",\"@id\":\"https:\\\/\\\/karriere.blackout.ch\\\/it\\\/blackout-localizzatore-di-negozi\\\/\",\"url\":\"https:\\\/\\\/karriere.blackout.ch\\\/it\\\/blackout-localizzatore-di-negozi\\\/\",\"name\":\"BLACKOUT LOCALIZZATORE DI NEGOZI -\",\"isPartOf\":{\"@id\":\"https:\\\/\\\/karriere.blackout.ch\\\/it\\\/#website\"},\"datePublished\":\"2023-02-09T15:49:04+00:00\",\"dateModified\":\"2023-02-10T13:50:39+00:00\",\"breadcrumb\":{\"@id\":\"https:\\\/\\\/karriere.blackout.ch\\\/it\\\/blackout-localizzatore-di-negozi\\\/#breadcrumb\"},\"inLanguage\":\"it-IT\",\"potentialAction\":[{\"@type\":\"ReadAction\",\"target\":[\"https:\\\/\\\/karriere.blackout.ch\\\/it\\\/blackout-localizzatore-di-negozi\\\/\"]}]},{\"@type\":\"BreadcrumbList\",\"@id\":\"https:\\\/\\\/karriere.blackout.ch\\\/it\\\/blackout-localizzatore-di-negozi\\\/#breadcrumb\",\"itemListElement\":[{\"@type\":\"ListItem\",\"position\":1,\"name\":\"Startseite\",\"item\":\"https:\\\/\\\/karriere.blackout.ch\\\/it\\\/\"},{\"@type\":\"ListItem\",\"position\":2,\"name\":\"BLACKOUT LOCALIZZATORE DI NEGOZI\"}]},{\"@type\":\"WebSite\",\"@id\":\"https:\\\/\\\/karriere.blackout.ch\\\/it\\\/#website\",\"url\":\"https:\\\/\\\/karriere.blackout.ch\\\/it\\\/\",\"name\":\"Blackout Karriereseite\",\"description\":\"\",\"publisher\":{\"@id\":\"https:\\\/\\\/karriere.blackout.ch\\\/it\\\/#organization\"},\"potentialAction\":[{\"@type\":\"SearchAction\",\"target\":{\"@type\":\"EntryPoint\",\"urlTemplate\":\"https:\\\/\\\/karriere.blackout.ch\\\/it\\\/?s={search_term_string}\"},\"query-input\":{\"@type\":\"PropertyValueSpecification\",\"valueRequired\":true,\"valueName\":\"search_term_string\"}}],\"inLanguage\":\"it-IT\"},{\"@type\":\"Organization\",\"@id\":\"https:\\\/\\\/karriere.blackout.ch\\\/it\\\/#organization\",\"name\":\"BLACKOUT\",\"url\":\"https:\\\/\\\/karriere.blackout.ch\\\/it\\\/\",\"logo\":{\"@type\":\"ImageObject\",\"inLanguage\":\"it-IT\",\"@id\":\"https:\\\/\\\/karriere.blackout.ch\\\/it\\\/#\\\/schema\\\/logo\\\/image\\\/\",\"url\":\"https:\\\/\\\/karriere.blackout.ch\\\/wp-content\\\/uploads\\\/2022\\\/11\\\/cropped-blackout-logo-neu.png\",\"contentUrl\":\"https:\\\/\\\/karriere.blackout.ch\\\/wp-content\\\/uploads\\\/2022\\\/11\\\/cropped-blackout-logo-neu.png\",\"width\":423,\"height\":99,\"caption\":\"BLACKOUT\"},\"image\":{\"@id\":\"https:\\\/\\\/karriere.blackout.ch\\\/it\\\/#\\\/schema\\\/logo\\\/image\\\/\"}}]}<\/script>\n<!-- \/ Yoast SEO plugin. -->","yoast_head_json":{"title":"BLACKOUT LOCALIZZATORE DI NEGOZI -","robots":{"index":"index","follow":"follow","max-snippet":"max-snippet:-1","max-image-preview":"max-image-preview:large","max-video-preview":"max-video-preview:-1"},"canonical":"https:\/\/karriere.blackout.ch\/it\/blackout-localizzatore-di-negozi\/","og_locale":"it_IT","og_type":"article","og_title":"BLACKOUT LOCALIZZATORE DI NEGOZI -","og_description":"BLACKOUT LOCALIZZATORE DI NEGOZI Con il cercatore di filiali BLACKOUT, tutti gli appassionati di moda possono trovare rapidamente e facilmente tutte le filiali del rinomato marchio Specialisti della moda e dei jeans&nbsp;vicino a voi. Grazie alla chiara visualizzazione della mappa, \u00e8 un gioco da ragazzi individuare la filiale pi\u00f9 vicina e navigare direttamente l\u00ec. Vuoi [&hellip;]","og_url":"https:\/\/karriere.blackout.ch\/it\/blackout-localizzatore-di-negozi\/","article_modified_time":"2023-02-10T13:50:39+00:00","twitter_card":"summary_large_image","schema":{"@context":"https:\/\/schema.org","@graph":[{"@type":"WebPage","@id":"https:\/\/karriere.blackout.ch\/it\/blackout-localizzatore-di-negozi\/","url":"https:\/\/karriere.blackout.ch\/it\/blackout-localizzatore-di-negozi\/","name":"BLACKOUT LOCALIZZATORE DI NEGOZI -","isPartOf":{"@id":"https:\/\/karriere.blackout.ch\/it\/#website"},"datePublished":"2023-02-09T15:49:04+00:00","dateModified":"2023-02-10T13:50:39+00:00","breadcrumb":{"@id":"https:\/\/karriere.blackout.ch\/it\/blackout-localizzatore-di-negozi\/#breadcrumb"},"inLanguage":"it-IT","potentialAction":[{"@type":"ReadAction","target":["https:\/\/karriere.blackout.ch\/it\/blackout-localizzatore-di-negozi\/"]}]},{"@type":"BreadcrumbList","@id":"https:\/\/karriere.blackout.ch\/it\/blackout-localizzatore-di-negozi\/#breadcrumb","itemListElement":[{"@type":"ListItem","position":1,"name":"Startseite","item":"https:\/\/karriere.blackout.ch\/it\/"},{"@type":"ListItem","position":2,"name":"BLACKOUT LOCALIZZATORE DI NEGOZI"}]},{"@type":"WebSite","@id":"https:\/\/karriere.blackout.ch\/it\/#website","url":"https:\/\/karriere.blackout.ch\/it\/","name":"Blackout Karriereseite","description":"","publisher":{"@id":"https:\/\/karriere.blackout.ch\/it\/#organization"},"potentialAction":[{"@type":"SearchAction","target":{"@type":"EntryPoint","urlTemplate":"https:\/\/karriere.blackout.ch\/it\/?s={search_term_string}"},"query-input":{"@type":"PropertyValueSpecification","valueRequired":true,"valueName":"search_term_string"}}],"inLanguage":"it-IT"},{"@type":"Organization","@id":"https:\/\/karriere.blackout.ch\/it\/#organization","name":"BLACKOUT","url":"https:\/\/karriere.blackout.ch\/it\/","logo":{"@type":"ImageObject","inLanguage":"it-IT","@id":"https:\/\/karriere.blackout.ch\/it\/#\/schema\/logo\/image\/","url":"https:\/\/karriere.blackout.ch\/wp-content\/uploads\/2022\/11\/cropped-blackout-logo-neu.png","contentUrl":"https:\/\/karriere.blackout.ch\/wp-content\/uploads\/2022\/11\/cropped-blackout-logo-neu.png","width":423,"height":99,"caption":"BLACKOUT"},"image":{"@id":"https:\/\/karriere.blackout.ch\/it\/#\/schema\/logo\/image\/"}}]}},"_links":{"self":[{"href":"https:\/\/karriere.blackout.ch\/it\/wp-json\/wp\/v2\/pages\/2954","targetHints":{"allow":["GET"]}}],"collection":[{"href":"https:\/\/karriere.blackout.ch\/it\/wp-json\/wp\/v2\/pages"}],"about":[{"href":"https:\/\/karriere.blackout.ch\/it\/wp-json\/wp\/v2\/types\/page"}],"author":[{"embeddable":true,"href":"https:\/\/karriere.blackout.ch\/it\/wp-json\/wp\/v2\/users\/3"}],"replies":[{"embeddable":true,"href":"https:\/\/karriere.blackout.ch\/it\/wp-json\/wp\/v2\/comments?post=2954"}],"version-history":[{"count":1,"href":"https:\/\/karriere.blackout.ch\/it\/wp-json\/wp\/v2\/pages\/2954\/revisions"}],"predecessor-version":[{"id":2955,"href":"https:\/\/karriere.blackout.ch\/it\/wp-json\/wp\/v2\/pages\/2954\/revisions\/2955"}],"wp:attachment":[{"href":"https:\/\/karriere.blackout.ch\/it\/wp-json\/wp\/v2\/media?parent=2954"}],"curies":[{"name":"wp","href":"https:\/\/api.w.org\/{rel}","templated":true}]}}